{"id":209,"date":"2025-08-07T08:19:54","date_gmt":"2025-08-07T01:19:54","guid":{"rendered":"https:\/\/namns.i234.me\/ns\/?page_id=209"},"modified":"2025-08-07T08:20:01","modified_gmt":"2025-08-07T01:20:01","slug":"pc_tool","status":"publish","type":"page","link":"https:\/\/namns.i234.me\/ns\/pc_tool\/","title":{"rendered":"PC_Tool"},"content":{"rendered":"\n<figure class=\"wp-block-table\"><table class=\"has-fixed-layout\"><tbody><tr><td>STT<\/td><td>T\u00ean<\/td><td>Link<\/td><td>Ghi ch\u00fa<\/td><\/tr><tr><td>1<\/td><td>Zebra 9308<\/td><td><a href=\"https:\/\/namns.i234.me\/ns\/wp-content\/uploads\/2024\/12\/Quet-CCCD-Zebra-9308.rar\" data-type=\"attachment\" data-id=\"145\">Qu\u00e9t CCCD Zebra 9308<\/a><\/td><td><\/td><\/tr><tr><td>2<\/td><td><\/td><td><a href=\"https:\/\/namns.i234.me\/ns\/cac-phan-mem-toi-uu-win\/\" data-type=\"post\" data-id=\"180\">C\u00e1c ph\u1ea7n m\u1ec1m t\u1ed1i \u01b0u win<\/a><\/td><td><\/td><\/tr><tr><td><\/td><td><\/td><td><\/td><td><\/td><\/tr><tr><td><\/td><td><\/td><td><\/td><td><\/td><\/tr><tr><td><\/td><td><\/td><td><\/td><td><\/td><\/tr><tr><td><\/td><td><\/td><td><\/td><td><\/td><\/tr><tr><td><\/td><td><\/td><td><\/td><td><\/td><\/tr><tr><td><\/td><td><\/td><td><\/td><td><\/td><\/tr><tr><td><\/td><td><\/td><td><\/td><td><\/td><\/tr><tr><td><\/td><td><\/td><td><\/td><td><\/td><\/tr><tr><td><\/td><td><\/td><td><\/td><td><\/td><\/tr><tr><td><\/td><td><\/td><td><\/td><td><\/td><\/tr><tr><td><\/td><td><\/td><td><\/td><td><\/td><\/tr><tr><td><\/td><td><\/td><td><\/td><td><\/td><\/tr><tr><td><\/td><td><\/td><td><\/td><td><\/td><\/tr><tr><td><\/td><td><\/td><td><\/td><td><\/td><\/tr><tr><td><\/td><td><\/td><td><\/td><td><\/td><\/tr><tr><td><\/td><td><\/td><td><\/td><td><\/td><\/tr><tr><td><\/td><td><\/td><td><\/td><td><\/td><\/tr><\/tbody><\/table><\/figure>\n\n\n\n<p><\/p>\n","protected":false},"excerpt":{"rendered":"<p>STT T\u00ean Link Ghi ch\u00fa 1 Zebra 9308 Qu\u00e9t CCCD Zebra 9308 2 C\u00e1c ph\u1ea7n m\u1ec1m t\u1ed1i \u01b0u win<\/p>\n","protected":false},"author":1,"featured_media":0,"parent":0,"menu_order":0,"comment_status":"closed","ping_status":"closed","template":"","meta":{"footnotes":""},"class_list":["post-209","page","type-page","status-publish","hentry"],"jetpack_sharing_enabled":true,"_links":{"self":[{"href":"https:\/\/namns.i234.me\/ns\/wp-json\/wp\/v2\/pages\/209","targetHints":{"allow":["GET"]}}],"collection":[{"href":"https:\/\/namns.i234.me\/ns\/wp-json\/wp\/v2\/pages"}],"about":[{"href":"https:\/\/namns.i234.me\/ns\/wp-json\/wp\/v2\/types\/page"}],"author":[{"embeddable":true,"href":"https:\/\/namns.i234.me\/ns\/wp-json\/wp\/v2\/users\/1"}],"replies":[{"embeddable":true,"href":"https:\/\/namns.i234.me\/ns\/wp-json\/wp\/v2\/comments?post=209"}],"version-history":[{"count":1,"href":"https:\/\/namns.i234.me\/ns\/wp-json\/wp\/v2\/pages\/209\/revisions"}],"predecessor-version":[{"id":211,"href":"https:\/\/namns.i234.me\/ns\/wp-json\/wp\/v2\/pages\/209\/revisions\/211"}],"wp:attachment":[{"href":"https:\/\/namns.i234.me\/ns\/wp-json\/wp\/v2\/media?parent=209"}],"curies":[{"name":"wp","href":"https:\/\/api.w.org\/{rel}","templated":true}]}}